{"id":1331,"date":"2025-10-06T17:57:43","date_gmt":"2025-10-06T17:57:43","guid":{"rendered":"https:\/\/projetobhpress.com.br\/descubra\/?page_id=1331"},"modified":"2025-10-14T18:47:29","modified_gmt":"2025-10-14T18:47:29","slug":"termo-de-adesao-de-empresas","status":"publish","type":"page","link":"https:\/\/projetobhpress.com.br\/descubra\/termo-de-adesao-de-empresas\/","title":{"rendered":"Termo de Ades\u00e3o de Empresas"},"content":{"rendered":"\t\t<div data-elementor-type=\"wp-page\" data-elementor-id=\"1331\" class=\"elementor elementor-1331\" data-elementor-post-type=\"page\">\n\t\t\t\t<div class=\"elementor-element elementor-element-34b63e5 e-con-full e-flex e-con e-parent\" data-id=\"34b63e5\" data-element_type=\"container\">\n\t\t<div class=\"elementor-element elementor-element-f91c903 e-con-full e-flex e-con e-child\" data-id=\"f91c903\" data-element_type=\"container\">\n\t\t<div class=\"elementor-element elementor-element-005d4a6 e-con-full e-flex e-con e-child\" data-id=\"005d4a6\" data-element_type=\"container\">\n\t\t\t\t<div class=\"elementor-element elementor-element-98c18d8 elementor-button-align-start elementor-widget__width-initial elementor-mobile-button-align-center elementor-widget elementor-widget-form\" data-id=\"98c18d8\" data-element_type=\"widget\" data-settings=\"{&quot;step_next_label&quot;:&quot;Next&quot;,&quot;step_previous_label&quot;:&quot;Previous&quot;,&quot;step_type&quot;:&quot;number_text&quot;,&quot;step_icon_shape&quot;:&quot;circle&quot;}\" data-widget_type=\"form.default\">\n\t\t\t\t\t\t\t<form class=\"elementor-form\" method=\"post\" name=\"Descubra Contato\" aria-label=\"Descubra Contato\">\n\t\t\t<input type=\"hidden\" name=\"post_id\" value=\"1331\"\/>\n\t\t\t<input type=\"hidden\" name=\"form_id\" value=\"98c18d8\"\/>\n\t\t\t<input type=\"hidden\" name=\"referer_title\" value=\"Termo de Ades\u00e3o de Empresas - Programa Descubra\" \/>\n\n\t\t\t\t\t\t\t<input type=\"hidden\" name=\"queried_id\" value=\"1331\"\/>\n\t\t\t\n\t\t\t<div class=\"elementor-form-fields-wrapper elementor-labels-above\">\n\t\t\t\t\t\t\t\t<div class=\"elementor-field-type-step elementor-field-group elementor-column elementor-field-group-field_4dd7ecf elementor-col-100\">\n\t\t\t\t\t\t\t<div class=\"e-field-step elementor-hidden\" data-label=\"Indentifica\u00e7\u00e3o da empresa\" data-previousButton=\"Voltar\" data-nextButton=\"Pr\u00f3ximo\" data-iconUrl=\"\" data-iconLibrary=\"fas fa-star\" data-icon=\"&lt;svg class=&quot;e-font-icon-svg e-fas-star&quot; viewBox=&quot;0 0 576 512&quot; xmlns=&quot;http:\/\/www.w3.org\/2000\/svg&quot;&gt;&lt;path d=&quot;M259.3 17.8L194 150.2 47.9 171.5c-26.2 3.8-36.7 36.1-17.7 54.6l105.7 103-25 145.5c-4.5 26.3 23.2 46 46.4 33.7L288 439.6l130.7 68.7c23.2 12.2 50.9-7.4 46.4-33.7l-25-145.5 105.7-103c19-18.5 8.5-50.8-17.7-54.6L382 150.2 316.7 17.8c-11.7-23.6-45.6-23.9-57.4 0z&quot;&gt;&lt;\/path&gt;&lt;\/svg&gt;\" ><\/div>\n\n\t\t\t\t\t\t<\/div>\n\t\t\t\t\t\t\t\t<div class=\"elementor-field-type-text elementor-field-group elementor-column elementor-field-group-name elementor-col-100 elementor-field-required\">\n\t\t\t\t\t\t\t\t\t\t\t\t<label for=\"form-field-name\" class=\"elementor-field-label\">\n\t\t\t\t\t\t\t\tNome fantasia\/Raz\u00e3o Social:\t\t\t\t\t\t\t<\/label>\n\t\t\t\t\t\t\t\t\t\t\t\t\t\t<input size=\"1\" type=\"text\" name=\"form_fields[name]\" id=\"form-field-name\" class=\"elementor-field elementor-size-md  elementor-field-textual\" required=\"required\">\n\t\t\t\t\t\t\t\t\t\t\t<\/div>\n\t\t\t\t\t\t\t\t<div class=\"elementor-field-type-text elementor-field-group elementor-column elementor-field-group-field_89d24c0 elementor-col-100 elementor-field-required\">\n\t\t\t\t\t\t\t\t\t\t\t\t<label for=\"form-field-field_89d24c0\" class=\"elementor-field-label\">\n\t\t\t\t\t\t\t\tCNPJ:\t\t\t\t\t\t\t<\/label>\n\t\t\t\t\t\t\t\t\t\t\t\t\t\t<input size=\"1\" type=\"text\" name=\"form_fields[field_89d24c0]\" id=\"form-field-field_89d24c0\" class=\"elementor-field elementor-size-md  fme-mask-input mask_control_@ev-br_fr money_mask_format_@ mask_prefix_@ mask_decimal_places_@ mask_time_mask_format_@ fme_phone_format_@ credit_card_options_@ mask_auto_placeholder_@yes fme_brazilian_formats_@fme_cnpj elementor-field-textual\" required=\"required\" data-input_mask=\"ev-br_fr\">\n\t\t\t\t\t\t\t\t\t\t\t<\/div>\n\t\t\t\t\t\t\t\t<div class=\"elementor-field-type-textarea elementor-field-group elementor-column elementor-field-group-message elementor-col-100 elementor-field-required\">\n\t\t\t\t\t\t\t\t\t\t\t\t<label for=\"form-field-message\" class=\"elementor-field-label\">\n\t\t\t\t\t\t\t\tEndere\u00e7o:\t\t\t\t\t\t\t<\/label>\n\t\t\t\t\t\t<textarea class=\"elementor-field-textual elementor-field  elementor-size-md\" name=\"form_fields[message]\" id=\"form-field-message\" rows=\"1\" required=\"required\"><\/textarea>\t\t\t\t<\/div>\n\t\t\t\t\t\t\t\t<div class=\"elementor-field-type-text elementor-field-group elementor-column elementor-field-group-field_1c128d3 elementor-col-100\">\n\t\t\t\t\t\t\t\t\t\t\t\t<label for=\"form-field-field_1c128d3\" class=\"elementor-field-label\">\n\t\t\t\t\t\t\t\tCEP\/C\u00f3digo Postal:\t\t\t\t\t\t\t<\/label>\n\t\t\t\t\t\t\t\t\t\t\t\t\t\t<input size=\"1\" type=\"text\" name=\"form_fields[field_1c128d3]\" id=\"form-field-field_1c128d3\" class=\"elementor-field elementor-size-md  fme-mask-input mask_control_@ev-br_fr money_mask_format_@ mask_prefix_@ mask_decimal_places_@ mask_time_mask_format_@ fme_phone_format_@ credit_card_options_@ mask_auto_placeholder_@yes fme_brazilian_formats_@fme_cep elementor-field-textual\" data-input_mask=\"ev-br_fr\">\n\t\t\t\t\t\t\t\t\t\t\t<\/div>\n\t\t\t\t\t\t\t\t<div class=\"elementor-field-type-step elementor-field-group elementor-column elementor-field-group-field_87e03e6 elementor-col-100\">\n\t\t\t\t\t\t\t<div class=\"e-field-step elementor-hidden\" data-label=\"Representante\" data-previousButton=\"Voltar\" data-nextButton=\"Pr\u00f3ximo\" data-iconUrl=\"\" data-iconLibrary=\"fas fa-star\" data-icon=\"&lt;svg class=&quot;e-font-icon-svg e-fas-star&quot; viewBox=&quot;0 0 576 512&quot; xmlns=&quot;http:\/\/www.w3.org\/2000\/svg&quot;&gt;&lt;path d=&quot;M259.3 17.8L194 150.2 47.9 171.5c-26.2 3.8-36.7 36.1-17.7 54.6l105.7 103-25 145.5c-4.5 26.3 23.2 46 46.4 33.7L288 439.6l130.7 68.7c23.2 12.2 50.9-7.4 46.4-33.7l-25-145.5 105.7-103c19-18.5 8.5-50.8-17.7-54.6L382 150.2 316.7 17.8c-11.7-23.6-45.6-23.9-57.4 0z&quot;&gt;&lt;\/path&gt;&lt;\/svg&gt;\" ><\/div>\n\n\t\t\t\t\t\t<\/div>\n\t\t\t\t\t\t\t\t<div class=\"elementor-field-type-text elementor-field-group elementor-column elementor-field-group-field_e71e2fd elementor-col-100 elementor-field-required\">\n\t\t\t\t\t\t\t\t\t\t\t\t<label for=\"form-field-field_e71e2fd\" class=\"elementor-field-label\">\n\t\t\t\t\t\t\t\tNome:\t\t\t\t\t\t\t<\/label>\n\t\t\t\t\t\t\t\t\t\t\t\t\t\t<input size=\"1\" type=\"text\" name=\"form_fields[field_e71e2fd]\" id=\"form-field-field_e71e2fd\" class=\"elementor-field elementor-size-md  elementor-field-textual\" required=\"required\">\n\t\t\t\t\t\t\t\t\t\t\t<\/div>\n\t\t\t\t\t\t\t\t<div class=\"elementor-field-type-text elementor-field-group elementor-column elementor-field-group-field_ade3aaf elementor-col-100 elementor-field-required\">\n\t\t\t\t\t\t\t\t\t\t\t\t<label for=\"form-field-field_ade3aaf\" class=\"elementor-field-label\">\n\t\t\t\t\t\t\t\tCargo:\t\t\t\t\t\t\t<\/label>\n\t\t\t\t\t\t\t\t\t\t\t\t\t\t<input size=\"1\" type=\"text\" name=\"form_fields[field_ade3aaf]\" id=\"form-field-field_ade3aaf\" class=\"elementor-field elementor-size-md  elementor-field-textual\" required=\"required\">\n\t\t\t\t\t\t\t\t\t\t\t<\/div>\n\t\t\t\t\t\t\t\t<div class=\"elementor-field-type-text elementor-field-group elementor-column elementor-field-group-field_bd28ac3 elementor-col-100 elementor-field-required\">\n\t\t\t\t\t\t\t\t\t\t\t\t<label for=\"form-field-field_bd28ac3\" class=\"elementor-field-label\">\n\t\t\t\t\t\t\t\tCPF:\t\t\t\t\t\t\t<\/label>\n\t\t\t\t\t\t\t\t\t\t\t\t\t\t<input size=\"1\" type=\"text\" name=\"form_fields[field_bd28ac3]\" id=\"form-field-field_bd28ac3\" class=\"elementor-field elementor-size-md  fme-mask-input mask_control_@ev-br_fr money_mask_format_@ mask_prefix_@ mask_decimal_places_@ mask_time_mask_format_@ fme_phone_format_@ credit_card_options_@ mask_auto_placeholder_@yes fme_brazilian_formats_@fme_cpf elementor-field-textual\" required=\"required\" data-input_mask=\"ev-br_fr\">\n\t\t\t\t\t\t\t\t\t\t\t<\/div>\n\t\t\t\t\t\t\t\t<div class=\"elementor-field-type-text elementor-field-group elementor-column elementor-field-group-field_ee48518 elementor-col-100 elementor-field-required\">\n\t\t\t\t\t\t\t\t\t\t\t\t<label for=\"form-field-field_ee48518\" class=\"elementor-field-label\">\n\t\t\t\t\t\t\t\tE-mail:\t\t\t\t\t\t\t<\/label>\n\t\t\t\t\t\t\t\t\t\t\t\t\t\t<input size=\"1\" type=\"text\" name=\"form_fields[field_ee48518]\" id=\"form-field-field_ee48518\" class=\"elementor-field elementor-size-md  elementor-field-textual\" required=\"required\">\n\t\t\t\t\t\t\t\t\t\t\t<\/div>\n\t\t\t\t\t\t\t\t<div class=\"elementor-field-type-step elementor-field-group elementor-column elementor-field-group-field_5a835c6 elementor-col-100\">\n\t\t\t\t\t\t\t<div class=\"e-field-step elementor-hidden\" data-label=\"Compromissos (cl\u00e1usulas)\" data-previousButton=\"Voltar\" data-nextButton=\"Pr\u00f3ximo\" data-iconUrl=\"\" data-iconLibrary=\"fas fa-star\" data-icon=\"&lt;svg class=&quot;e-font-icon-svg e-fas-star&quot; viewBox=&quot;0 0 576 512&quot; xmlns=&quot;http:\/\/www.w3.org\/2000\/svg&quot;&gt;&lt;path d=&quot;M259.3 17.8L194 150.2 47.9 171.5c-26.2 3.8-36.7 36.1-17.7 54.6l105.7 103-25 145.5c-4.5 26.3 23.2 46 46.4 33.7L288 439.6l130.7 68.7c23.2 12.2 50.9-7.4 46.4-33.7l-25-145.5 105.7-103c19-18.5 8.5-50.8-17.7-54.6L382 150.2 316.7 17.8c-11.7-23.6-45.6-23.9-57.4 0z&quot;&gt;&lt;\/path&gt;&lt;\/svg&gt;\" ><\/div>\n\n\t\t\t\t\t\t<\/div>\n\t\t\t\t\t\t\t\t<div class=\"elementor-field-type-number elementor-field-group elementor-column elementor-field-group-field_1d4c7c0 elementor-col-100 elementor-field-required\">\n\t\t\t\t\t\t\t\t\t\t\t\t<label for=\"form-field-field_1d4c7c0\" class=\"elementor-field-label\">\n\t\t\t\t\t\t\t\tN\u00ba de vagas reservadas da cota de aprendizagem:\t\t\t\t\t\t\t<\/label>\n\t\t\t\t\t\t\t\t\t<input type=\"number\" name=\"form_fields[field_1d4c7c0]\" id=\"form-field-field_1d4c7c0\" class=\"elementor-field elementor-size-md  elementor-field-textual\" required=\"required\" min=\"\" max=\"\" >\n\t\t\t\t\t\t<\/div>\n\t\t\t\t\t\t\t\t<div class=\"elementor-field-type-acceptance elementor-field-group elementor-column elementor-field-group-field_21130fe elementor-col-100 elementor-field-required\">\n\t\t\t\t\t\t\t\t\t\t\t\t<label for=\"form-field-field_21130fe\" class=\"elementor-field-label\">\n\t\t\t\t\t\t\t\t<p style=\"line-height: 2.0;\">   <strong>2.1.3.<\/strong> Auxiliar, naquilo que lhe couber, na operacionaliza\u00e7\u00e3o dos tr\u00e2mites necess\u00e1rios para a efetiva\u00e7\u00e3o da contrata\u00e7\u00e3o dos(as) jovens na aprendizagem;<br>   <strong>2.1.4.<\/strong> Manter mecanismos de acompanhamento e avalia\u00e7\u00e3o do PROGRAMA DESCUBRA, por interm\u00e9dio de reuni\u00f5es peri\u00f3dicas com os part\u00edcipes locais;<br>   <strong>2.1.5.<\/strong> Informar ao COMIT\u00ca GESTOR INTERINSTITUCIONAL LOCAL e\/ou ao COMIT\u00ca GESTOR INTERINSTITUCIONAL DA CAPITAL toda e qualquer intercorr\u00eancia que possa prejudicar a boa e fiel execu\u00e7\u00e3o do objeto do Acordo de coopera\u00e7\u00e3o, disponibilizando as informa\u00e7\u00f5es por estes solicitadas sobre a respectiva execu\u00e7\u00e3o;<br>   <strong>2.1.6.<\/strong> Responder pelas obriga\u00e7\u00f5es decorrentes da execu\u00e7\u00e3o do presente instrumento, observadas as compet\u00eancias espec\u00edficas de cada part\u00edcipe;<br>   <strong>2.1.7.<\/strong> Respeitar e cumprir, naquilo que lhe couber, os demais termos e condi\u00e7\u00f5es estabelecidas no ACT n\u00ba 082\/2019. <\/p>\t\t\t\t\t\t\t<\/label>\n\t\t\t\t\t\t\t\t<div class=\"elementor-field-subgroup\">\n\t\t\t<span class=\"elementor-field-option\">\n\t\t\t\t<input type=\"checkbox\" name=\"form_fields[field_21130fe]\" id=\"form-field-field_21130fe\" class=\"elementor-field elementor-size-md  elementor-acceptance-field\" required=\"required\">\n\t\t\t\t<label for=\"form-field-field_21130fe\">Li e aceito todas as obriga\u00e7\u00f5es descritas acima.<\/label>\t\t\t<\/span>\n\t\t<\/div>\n\t\t\t\t\t\t<\/div>\n\t\t\t\t\t\t\t\t<div class=\"elementor-field-type-step elementor-field-group elementor-column elementor-field-group-field_87e03e6 elementor-col-100\">\n\t\t\t\t\t\t\t<div class=\"e-field-step elementor-hidden\" data-label=\"Gest\u00e3o e Contato\" data-previousButton=\"Voltar\" data-nextButton=\"Pr\u00f3ximo\" data-iconUrl=\"\" data-iconLibrary=\"fas fa-star\" data-icon=\"&lt;svg class=&quot;e-font-icon-svg e-fas-star&quot; viewBox=&quot;0 0 576 512&quot; xmlns=&quot;http:\/\/www.w3.org\/2000\/svg&quot;&gt;&lt;path d=&quot;M259.3 17.8L194 150.2 47.9 171.5c-26.2 3.8-36.7 36.1-17.7 54.6l105.7 103-25 145.5c-4.5 26.3 23.2 46 46.4 33.7L288 439.6l130.7 68.7c23.2 12.2 50.9-7.4 46.4-33.7l-25-145.5 105.7-103c19-18.5 8.5-50.8-17.7-54.6L382 150.2 316.7 17.8c-11.7-23.6-45.6-23.9-57.4 0z&quot;&gt;&lt;\/path&gt;&lt;\/svg&gt;\" ><\/div>\n\n\t\t\t\t\t\t<\/div>\n\t\t\t\t\t\t\t\t<div class=\"elementor-field-type-text elementor-field-group elementor-column elementor-field-group-field_4c8a28c elementor-col-100 elementor-field-required\">\n\t\t\t\t\t\t\t\t\t\t\t\t<label for=\"form-field-field_4c8a28c\" class=\"elementor-field-label\">\n\t\t\t\t\t\t\t\tIndicar gestor\/colaborador respons\u00e1vel (nome\/e-mail\/telefone):\t\t\t\t\t\t\t<\/label>\n\t\t\t\t\t\t\t\t\t\t\t\t\t\t<input size=\"1\" type=\"text\" name=\"form_fields[field_4c8a28c]\" id=\"form-field-field_4c8a28c\" class=\"elementor-field elementor-size-md  elementor-field-textual\" required=\"required\">\n\t\t\t\t\t\t\t\t\t\t\t<\/div>\n\t\t\t\t\t\t\t\t<div class=\"elementor-field-type-upload elementor-field-group elementor-column elementor-field-group-field_406c59b elementor-col-100 elementor-field-required\">\n\t\t\t\t\t\t\t\t\t\t\t\t<label for=\"form-field-field_406c59b\" class=\"elementor-field-label\">\n\t\t\t\t\t\t\t\tInsira um documento comprobat\u00f3rio CNPJ\/Contrato Social\/Procura\u00e7\u00e3o (pdf\/png):\t\t\t\t\t\t\t<\/label>\n\t\t\t\t\t\t\t\t<input type=\"file\" name=\"form_fields[field_406c59b]\" id=\"form-field-field_406c59b\" class=\"elementor-field elementor-size-md  elementor-upload-field\" required=\"required\">\n\n\t\t\t\t\t\t<\/div>\n\t\t\t\t\t\t\t\t<div class=\"elementor-field-type-step elementor-field-group elementor-column elementor-field-group-field_397b6d1 elementor-col-100\">\n\t\t\t\t\t\t\t<div class=\"e-field-step elementor-hidden\" data-label=\"Confirma\u00e7\u00e3o\" data-previousButton=\"Voltar\" data-nextButton=\"Enviar\" data-iconUrl=\"\" data-iconLibrary=\"fas fa-star\" data-icon=\"&lt;svg class=&quot;e-font-icon-svg e-fas-star&quot; viewBox=&quot;0 0 576 512&quot; xmlns=&quot;http:\/\/www.w3.org\/2000\/svg&quot;&gt;&lt;path d=&quot;M259.3 17.8L194 150.2 47.9 171.5c-26.2 3.8-36.7 36.1-17.7 54.6l105.7 103-25 145.5c-4.5 26.3 23.2 46 46.4 33.7L288 439.6l130.7 68.7c23.2 12.2 50.9-7.4 46.4-33.7l-25-145.5 105.7-103c19-18.5 8.5-50.8-17.7-54.6L382 150.2 316.7 17.8c-11.7-23.6-45.6-23.9-57.4 0z&quot;&gt;&lt;\/path&gt;&lt;\/svg&gt;\" ><\/div>\n\n\t\t\t\t\t\t<\/div>\n\t\t\t\t\t\t\t\t<div class=\"elementor-field-type-acceptance elementor-field-group elementor-column elementor-field-group-field_6b10ade elementor-col-100 elementor-field-required\">\n\t\t\t\t\t\t\t\t\t\t\t\t<label for=\"form-field-field_6b10ade\" class=\"elementor-field-label\">\n\t\t\t\t\t\t\t\tConfirma\u00e7\u00e3o do termo de ades\u00e3o como empresa:\t\t\t\t\t\t\t<\/label>\n\t\t\t\t\t\t\t\t<div class=\"elementor-field-subgroup\">\n\t\t\t<span class=\"elementor-field-option\">\n\t\t\t\t<input type=\"checkbox\" name=\"form_fields[field_6b10ade]\" id=\"form-field-field_6b10ade\" class=\"elementor-field elementor-size-md  elementor-acceptance-field\" required=\"required\">\n\t\t\t\t<label for=\"form-field-field_6b10ade\">Li e aceito aceito as condi\u00e7\u00f5es do ACT n\u00ba 238\/2024 do Programa Descubra.<\/label>\t\t\t<\/span>\n\t\t<\/div>\n\t\t\t\t\t\t<\/div>\n\t\t\t\t\t\t\t\t<div class=\"elementor-field-group elementor-column elementor-field-type-submit elementor-col-100 e-form__buttons\">\n\t\t\t\t\t<button class=\"elementor-button elementor-size-md\" type=\"submit\">\n\t\t\t\t\t\t<span class=\"elementor-button-content-wrapper\">\n\t\t\t\t\t\t\t\t\t\t\t\t\t\t\t\t\t\t\t\t\t\t<span class=\"elementor-button-text\">Enviar<\/span>\n\t\t\t\t\t\t\t\t\t\t\t\t\t<\/span>\n\t\t\t\t\t<\/button>\n\t\t\t\t<\/div>\n\t\t\t<\/div>\n\t\t<\/form>\n\t\t\t\t\t\t<\/div>\n\t\t\t\t<div class=\"elementor-element elementor-element-bb1ab5a elementor-widget elementor-widget-heading\" data-id=\"bb1ab5a\" data-element_type=\"widget\" data-widget_type=\"heading.default\">\n\t\t\t\t\t<h2 class=\"elementor-heading-title elementor-size-default\">Termo de Ades\u00e3o<br> para Empresas<\/h2>\t\t\t\t<\/div>\n\t\t\t\t<div class=\"elementor-element elementor-element-acb91b1 elementor-widget elementor-widget-text-editor\" data-id=\"acb91b1\" data-element_type=\"widget\" data-widget_type=\"text-editor.default\">\n\t\t\t\t\t\t\t\t\t<p>O formul\u00e1rio abaixo consiste no preenchimento otimizado do Termo de Ades\u00e3o para Empresa, garantindo uma melhor comunica\u00e7\u00e3o entre o Programa Descubra e as partes interessadas. Antes de efetuar seu preenchimento, leia atentamente o Termo de Ades\u00e3o para Empresas com suas cl\u00e1usulas e obriga\u00e7\u00f5es dispon\u00edvel <a style=\"color: #eb5e24; font-weight: bold;\" href=\"https:\/\/projetobhpress.com.br\/descubra\/wp-content\/uploads\/2025\/10\/Descubra_Termo_de_Adesao_para_Empresas.pdf\" target=\"_blank\" rel=\"noopener noreferrer\">aqui<\/a>.<\/p>\t\t\t\t\t\t\t\t<\/div>\n\t\t\t\t<\/div>\n\t\t\t\t<\/div>\n\t\t\t\t<\/div>\n\t\t\t\t<\/div>\n\t\t","protected":false},"excerpt":{"rendered":"<p>Termo de Ades\u00e3o para Empresas O formul\u00e1rio abaixo consiste no preenchimento otimizado do Termo de Ades\u00e3o para Empresa, garantindo uma melhor comunica\u00e7\u00e3o entre o Programa Descubra e as partes interessadas. Antes de efetuar seu preenchimento, leia atentamente o Termo de Ades\u00e3o para Empresas com suas cl\u00e1usulas e obriga\u00e7\u00f5es dispon\u00edvel aqui.<\/p>\n","protected":false},"author":1,"featured_media":0,"parent":0,"menu_order":0,"comment_status":"closed","ping_status":"closed","template":"elementor_header_footer","meta":{"_acf_changed":false,"footnotes":""},"class_list":["post-1331","page","type-page","status-publish","hentry"],"acf":[],"yoast_head":"<!-- This site is optimized with the Yoast SEO plugin v25.7 - https:\/\/yoast.com\/wordpress\/plugins\/seo\/ -->\n<title>Termo de Ades\u00e3o de Empresas - Programa Descubra<\/title>\n<meta name=\"robots\" content=\"index, follow, max-snippet:-1, max-image-preview:large, max-video-preview:-1\" \/>\n<link rel=\"canonical\" href=\"https:\/\/projetobhpress.com.br\/descubra\/termo-de-adesao-de-empresas\/\" \/>\n<meta property=\"og:locale\" content=\"pt_BR\" \/>\n<meta property=\"og:type\" content=\"article\" \/>\n<meta property=\"og:title\" content=\"Termo de Ades\u00e3o de Empresas - Programa Descubra\" \/>\n<meta property=\"og:description\" content=\"Termo de Ades\u00e3o para Empresas O formul\u00e1rio abaixo consiste no preenchimento otimizado do Termo de Ades\u00e3o para Empresa, garantindo uma melhor comunica\u00e7\u00e3o entre o Programa Descubra e as partes interessadas. Antes de efetuar seu preenchimento, leia atentamente o Termo de Ades\u00e3o para Empresas com suas cl\u00e1usulas e obriga\u00e7\u00f5es dispon\u00edvel aqui.\" \/>\n<meta property=\"og:url\" content=\"https:\/\/projetobhpress.com.br\/descubra\/termo-de-adesao-de-empresas\/\" \/>\n<meta property=\"og:site_name\" content=\"Programa Descubra\" \/>\n<meta property=\"article:modified_time\" content=\"2025-10-14T18:47:29+00:00\" \/>\n<meta name=\"twitter:card\" content=\"summary_large_image\" \/>\n<meta name=\"twitter:label1\" content=\"Est. tempo de leitura\" \/>\n\t<meta name=\"twitter:data1\" content=\"2 minutos\" \/>\n<script type=\"application\/ld+json\" class=\"yoast-schema-graph\">{\"@context\":\"https:\/\/schema.org\",\"@graph\":[{\"@type\":\"WebPage\",\"@id\":\"https:\/\/projetobhpress.com.br\/descubra\/termo-de-adesao-de-empresas\/\",\"url\":\"https:\/\/projetobhpress.com.br\/descubra\/termo-de-adesao-de-empresas\/\",\"name\":\"Termo de Ades\u00e3o de Empresas - Programa Descubra\",\"isPartOf\":{\"@id\":\"https:\/\/projetobhpress.com.br\/descubra\/#website\"},\"datePublished\":\"2025-10-06T17:57:43+00:00\",\"dateModified\":\"2025-10-14T18:47:29+00:00\",\"breadcrumb\":{\"@id\":\"https:\/\/projetobhpress.com.br\/descubra\/termo-de-adesao-de-empresas\/#breadcrumb\"},\"inLanguage\":\"pt-BR\",\"potentialAction\":[{\"@type\":\"ReadAction\",\"target\":[\"https:\/\/projetobhpress.com.br\/descubra\/termo-de-adesao-de-empresas\/\"]}]},{\"@type\":\"BreadcrumbList\",\"@id\":\"https:\/\/projetobhpress.com.br\/descubra\/termo-de-adesao-de-empresas\/#breadcrumb\",\"itemListElement\":[{\"@type\":\"ListItem\",\"position\":1,\"name\":\"In\u00edcio\",\"item\":\"https:\/\/projetobhpress.com.br\/descubra\/\"},{\"@type\":\"ListItem\",\"position\":2,\"name\":\"Termo de Ades\u00e3o de Empresas\"}]},{\"@type\":\"WebSite\",\"@id\":\"https:\/\/projetobhpress.com.br\/descubra\/#website\",\"url\":\"https:\/\/projetobhpress.com.br\/descubra\/\",\"name\":\"Programa Descubra\",\"description\":\"\",\"publisher\":{\"@id\":\"https:\/\/projetobhpress.com.br\/descubra\/#organization\"},\"potentialAction\":[{\"@type\":\"SearchAction\",\"target\":{\"@type\":\"EntryPoint\",\"urlTemplate\":\"https:\/\/projetobhpress.com.br\/descubra\/?s={search_term_string}\"},\"query-input\":{\"@type\":\"PropertyValueSpecification\",\"valueRequired\":true,\"valueName\":\"search_term_string\"}}],\"inLanguage\":\"pt-BR\"},{\"@type\":\"Organization\",\"@id\":\"https:\/\/projetobhpress.com.br\/descubra\/#organization\",\"name\":\"Minas pela Paz\",\"url\":\"https:\/\/projetobhpress.com.br\/descubra\/\",\"logo\":{\"@type\":\"ImageObject\",\"inLanguage\":\"pt-BR\",\"@id\":\"https:\/\/projetobhpress.com.br\/descubra\/#\/schema\/logo\/image\/\",\"url\":\"https:\/\/projetobhpress.com.br\/descubra\/wp-content\/uploads\/2025\/08\/LOGO_DESCUBRA-8.png\",\"contentUrl\":\"https:\/\/projetobhpress.com.br\/descubra\/wp-content\/uploads\/2025\/08\/LOGO_DESCUBRA-8.png\",\"width\":1973,\"height\":553,\"caption\":\"Minas pela Paz\"},\"image\":{\"@id\":\"https:\/\/projetobhpress.com.br\/descubra\/#\/schema\/logo\/image\/\"},\"sameAs\":[\"https:\/\/www.instagram.com\/programadescubra\/\",\"https:\/\/www.linkedin.com\/company\/programa-descubra\"]}]}<\/script>\n<!-- \/ Yoast SEO plugin. -->","yoast_head_json":{"title":"Termo de Ades\u00e3o de Empresas - Programa Descubra","robots":{"index":"index","follow":"follow","max-snippet":"max-snippet:-1","max-image-preview":"max-image-preview:large","max-video-preview":"max-video-preview:-1"},"canonical":"https:\/\/projetobhpress.com.br\/descubra\/termo-de-adesao-de-empresas\/","og_locale":"pt_BR","og_type":"article","og_title":"Termo de Ades\u00e3o de Empresas - Programa Descubra","og_description":"Termo de Ades\u00e3o para Empresas O formul\u00e1rio abaixo consiste no preenchimento otimizado do Termo de Ades\u00e3o para Empresa, garantindo uma melhor comunica\u00e7\u00e3o entre o Programa Descubra e as partes interessadas. Antes de efetuar seu preenchimento, leia atentamente o Termo de Ades\u00e3o para Empresas com suas cl\u00e1usulas e obriga\u00e7\u00f5es dispon\u00edvel aqui.","og_url":"https:\/\/projetobhpress.com.br\/descubra\/termo-de-adesao-de-empresas\/","og_site_name":"Programa Descubra","article_modified_time":"2025-10-14T18:47:29+00:00","twitter_card":"summary_large_image","twitter_misc":{"Est. tempo de leitura":"2 minutos"},"schema":{"@context":"https:\/\/schema.org","@graph":[{"@type":"WebPage","@id":"https:\/\/projetobhpress.com.br\/descubra\/termo-de-adesao-de-empresas\/","url":"https:\/\/projetobhpress.com.br\/descubra\/termo-de-adesao-de-empresas\/","name":"Termo de Ades\u00e3o de Empresas - Programa Descubra","isPartOf":{"@id":"https:\/\/projetobhpress.com.br\/descubra\/#website"},"datePublished":"2025-10-06T17:57:43+00:00","dateModified":"2025-10-14T18:47:29+00:00","breadcrumb":{"@id":"https:\/\/projetobhpress.com.br\/descubra\/termo-de-adesao-de-empresas\/#breadcrumb"},"inLanguage":"pt-BR","potentialAction":[{"@type":"ReadAction","target":["https:\/\/projetobhpress.com.br\/descubra\/termo-de-adesao-de-empresas\/"]}]},{"@type":"BreadcrumbList","@id":"https:\/\/projetobhpress.com.br\/descubra\/termo-de-adesao-de-empresas\/#breadcrumb","itemListElement":[{"@type":"ListItem","position":1,"name":"In\u00edcio","item":"https:\/\/projetobhpress.com.br\/descubra\/"},{"@type":"ListItem","position":2,"name":"Termo de Ades\u00e3o de Empresas"}]},{"@type":"WebSite","@id":"https:\/\/projetobhpress.com.br\/descubra\/#website","url":"https:\/\/projetobhpress.com.br\/descubra\/","name":"Programa Descubra","description":"","publisher":{"@id":"https:\/\/projetobhpress.com.br\/descubra\/#organization"},"potentialAction":[{"@type":"SearchAction","target":{"@type":"EntryPoint","urlTemplate":"https:\/\/projetobhpress.com.br\/descubra\/?s={search_term_string}"},"query-input":{"@type":"PropertyValueSpecification","valueRequired":true,"valueName":"search_term_string"}}],"inLanguage":"pt-BR"},{"@type":"Organization","@id":"https:\/\/projetobhpress.com.br\/descubra\/#organization","name":"Minas pela Paz","url":"https:\/\/projetobhpress.com.br\/descubra\/","logo":{"@type":"ImageObject","inLanguage":"pt-BR","@id":"https:\/\/projetobhpress.com.br\/descubra\/#\/schema\/logo\/image\/","url":"https:\/\/projetobhpress.com.br\/descubra\/wp-content\/uploads\/2025\/08\/LOGO_DESCUBRA-8.png","contentUrl":"https:\/\/projetobhpress.com.br\/descubra\/wp-content\/uploads\/2025\/08\/LOGO_DESCUBRA-8.png","width":1973,"height":553,"caption":"Minas pela Paz"},"image":{"@id":"https:\/\/projetobhpress.com.br\/descubra\/#\/schema\/logo\/image\/"},"sameAs":["https:\/\/www.instagram.com\/programadescubra\/","https:\/\/www.linkedin.com\/company\/programa-descubra"]}]}},"_links":{"self":[{"href":"https:\/\/projetobhpress.com.br\/descubra\/wp-json\/wp\/v2\/pages\/1331","targetHints":{"allow":["GET"]}}],"collection":[{"href":"https:\/\/projetobhpress.com.br\/descubra\/wp-json\/wp\/v2\/pages"}],"about":[{"href":"https:\/\/projetobhpress.com.br\/descubra\/wp-json\/wp\/v2\/types\/page"}],"author":[{"embeddable":true,"href":"https:\/\/projetobhpress.com.br\/descubra\/wp-json\/wp\/v2\/users\/1"}],"replies":[{"embeddable":true,"href":"https:\/\/projetobhpress.com.br\/descubra\/wp-json\/wp\/v2\/comments?post=1331"}],"version-history":[{"count":0,"href":"https:\/\/projetobhpress.com.br\/descubra\/wp-json\/wp\/v2\/pages\/1331\/revisions"}],"wp:attachment":[{"href":"https:\/\/projetobhpress.com.br\/descubra\/wp-json\/wp\/v2\/media?parent=1331"}],"curies":[{"name":"wp","href":"https:\/\/api.w.org\/{rel}","templated":true}]}}