{"id":1556,"date":"2025-10-08T20:04:12","date_gmt":"2025-10-08T20:04:12","guid":{"rendered":"https:\/\/projetobhpress.com.br\/descubra\/?page_id=1556"},"modified":"2025-10-14T18:49:39","modified_gmt":"2025-10-14T18:49:39","slug":"termo-de-adesao-para-municipios","status":"publish","type":"page","link":"https:\/\/projetobhpress.com.br\/descubra\/termo-de-adesao-para-municipios\/","title":{"rendered":"Termo de Ades\u00e3o para Munic\u00edpios"},"content":{"rendered":"\t\t<div data-elementor-type=\"wp-page\" data-elementor-id=\"1556\" class=\"elementor elementor-1556\" data-elementor-post-type=\"page\">\n\t\t\t\t<div class=\"elementor-element elementor-element-1a9c5eb e-con-full e-flex e-con e-parent\" data-id=\"1a9c5eb\" data-element_type=\"container\">\n\t\t<div class=\"elementor-element elementor-element-1ea410d e-con-full e-flex e-con e-child\" data-id=\"1ea410d\" data-element_type=\"container\">\n\t\t\t\t<div class=\"elementor-element elementor-element-4579f06 elementor-button-align-start elementor-widget__width-initial elementor-mobile-button-align-center elementor-widget elementor-widget-form\" data-id=\"4579f06\" data-element_type=\"widget\" data-settings=\"{&quot;step_next_label&quot;:&quot;Next&quot;,&quot;step_previous_label&quot;:&quot;Previous&quot;,&quot;step_type&quot;:&quot;number_text&quot;,&quot;step_icon_shape&quot;:&quot;circle&quot;}\" data-widget_type=\"form.default\">\n\t\t\t\t\t\t\t<form class=\"elementor-form\" method=\"post\" name=\"Descubra Contato\" aria-label=\"Descubra Contato\">\n\t\t\t<input type=\"hidden\" name=\"post_id\" value=\"1556\"\/>\n\t\t\t<input type=\"hidden\" name=\"form_id\" value=\"4579f06\"\/>\n\t\t\t<input type=\"hidden\" name=\"referer_title\" value=\"Termo de Ades\u00e3o para Munic\u00edpios - Programa Descubra\" \/>\n\n\t\t\t\t\t\t\t<input type=\"hidden\" name=\"queried_id\" value=\"1556\"\/>\n\t\t\t\n\t\t\t<div class=\"elementor-form-fields-wrapper elementor-labels-above\">\n\t\t\t\t\t\t\t\t<div class=\"elementor-field-type-step elementor-field-group elementor-column elementor-field-group-field_4dd7ecf elementor-col-100\">\n\t\t\t\t\t\t\t<div class=\"e-field-step elementor-hidden\" data-label=\"Indentifica\u00e7\u00e3o do munic\u00edpio\" data-previousButton=\"Voltar\" data-nextButton=\"Pr\u00f3ximo\" data-iconUrl=\"\" data-iconLibrary=\"fas fa-star\" data-icon=\"&lt;svg class=&quot;e-font-icon-svg e-fas-star&quot; viewBox=&quot;0 0 576 512&quot; xmlns=&quot;http:\/\/www.w3.org\/2000\/svg&quot;&gt;&lt;path d=&quot;M259.3 17.8L194 150.2 47.9 171.5c-26.2 3.8-36.7 36.1-17.7 54.6l105.7 103-25 145.5c-4.5 26.3 23.2 46 46.4 33.7L288 439.6l130.7 68.7c23.2 12.2 50.9-7.4 46.4-33.7l-25-145.5 105.7-103c19-18.5 8.5-50.8-17.7-54.6L382 150.2 316.7 17.8c-11.7-23.6-45.6-23.9-57.4 0z&quot;&gt;&lt;\/path&gt;&lt;\/svg&gt;\" ><\/div>\n\n\t\t\t\t\t\t<\/div>\n\t\t\t\t\t\t\t\t<div class=\"elementor-field-type-text elementor-field-group elementor-column elementor-field-group-name elementor-col-100 elementor-field-required\">\n\t\t\t\t\t\t\t\t\t\t\t\t<label for=\"form-field-name\" class=\"elementor-field-label\">\n\t\t\t\t\t\t\t\tNome do munic\u00edpio\t\t\t\t\t\t\t<\/label>\n\t\t\t\t\t\t\t\t\t\t\t\t\t\t<input size=\"1\" type=\"text\" name=\"form_fields[name]\" id=\"form-field-name\" class=\"elementor-field elementor-size-md  elementor-field-textual\" required=\"required\">\n\t\t\t\t\t\t\t\t\t\t\t<\/div>\n\t\t\t\t\t\t\t\t<div class=\"elementor-field-type-text elementor-field-group elementor-column elementor-field-group-field_89d24c0 elementor-col-100 elementor-field-required\">\n\t\t\t\t\t\t\t\t\t\t\t\t<label for=\"form-field-field_89d24c0\" class=\"elementor-field-label\">\n\t\t\t\t\t\t\t\tCNPJ\t\t\t\t\t\t\t<\/label>\n\t\t\t\t\t\t\t\t\t\t\t\t\t\t<input size=\"1\" type=\"text\" name=\"form_fields[field_89d24c0]\" id=\"form-field-field_89d24c0\" class=\"elementor-field elementor-size-md  fme-mask-input mask_control_@ev-br_fr money_mask_format_@ mask_prefix_@ mask_decimal_places_@ mask_time_mask_format_@ fme_phone_format_@ credit_card_options_@ mask_auto_placeholder_@yes fme_brazilian_formats_@fme_cnpj elementor-field-textual\" required=\"required\" data-input_mask=\"ev-br_fr\">\n\t\t\t\t\t\t\t\t\t\t\t<\/div>\n\t\t\t\t\t\t\t\t<div class=\"elementor-field-type-text elementor-field-group elementor-column elementor-field-group-field_1c128d3 elementor-col-100\">\n\t\t\t\t\t\t\t\t\t\t\t\t<label for=\"form-field-field_1c128d3\" class=\"elementor-field-label\">\n\t\t\t\t\t\t\t\tCEP\/C\u00f3digo Postal\t\t\t\t\t\t\t<\/label>\n\t\t\t\t\t\t\t\t\t\t\t\t\t\t<input size=\"1\" type=\"text\" name=\"form_fields[field_1c128d3]\" id=\"form-field-field_1c128d3\" class=\"elementor-field elementor-size-md  fme-mask-input mask_control_@ev-br_fr money_mask_format_@ mask_prefix_@ mask_decimal_places_@ mask_time_mask_format_@ fme_phone_format_@ credit_card_options_@ mask_auto_placeholder_@yes fme_brazilian_formats_@fme_cep elementor-field-textual\" data-input_mask=\"ev-br_fr\">\n\t\t\t\t\t\t\t\t\t\t\t<\/div>\n\t\t\t\t\t\t\t\t<div class=\"elementor-field-type-textarea elementor-field-group elementor-column elementor-field-group-field_ec8dfbc elementor-col-100 elementor-field-required\">\n\t\t\t\t\t\t\t\t\t\t\t\t<label for=\"form-field-field_ec8dfbc\" class=\"elementor-field-label\">\n\t\t\t\t\t\t\t\tNome do Prefeito\t\t\t\t\t\t\t<\/label>\n\t\t\t\t\t\t<textarea class=\"elementor-field-textual elementor-field  elementor-size-md\" name=\"form_fields[field_ec8dfbc]\" id=\"form-field-field_ec8dfbc\" rows=\"1\" required=\"required\"><\/textarea>\t\t\t\t<\/div>\n\t\t\t\t\t\t\t\t<div class=\"elementor-field-type-textarea elementor-field-group elementor-column elementor-field-group-field_93ccee4 elementor-col-100 elementor-field-required\">\n\t\t\t\t\t\t\t\t\t\t\t\t<label for=\"form-field-field_93ccee4\" class=\"elementor-field-label\">\n\t\t\t\t\t\t\t\tQualifica\u00e7\u00e3o do representante\t\t\t\t\t\t\t<\/label>\n\t\t\t\t\t\t<textarea class=\"elementor-field-textual elementor-field  elementor-size-md\" name=\"form_fields[field_93ccee4]\" id=\"form-field-field_93ccee4\" rows=\"1\" required=\"required\"><\/textarea>\t\t\t\t<\/div>\n\t\t\t\t\t\t\t\t<div class=\"elementor-field-type-step elementor-field-group elementor-column elementor-field-group-field_87e03e6 elementor-col-100\">\n\t\t\t\t\t\t\t<div class=\"e-field-step elementor-hidden\" data-label=\"Comit\u00ea e Planejamento (cl\u00e1usulas)\" data-previousButton=\"Voltar\" data-nextButton=\"Pr\u00f3ximo\" data-iconUrl=\"\" data-iconLibrary=\"fas fa-star\" data-icon=\"&lt;svg class=&quot;e-font-icon-svg e-fas-star&quot; viewBox=&quot;0 0 576 512&quot; xmlns=&quot;http:\/\/www.w3.org\/2000\/svg&quot;&gt;&lt;path d=&quot;M259.3 17.8L194 150.2 47.9 171.5c-26.2 3.8-36.7 36.1-17.7 54.6l105.7 103-25 145.5c-4.5 26.3 23.2 46 46.4 33.7L288 439.6l130.7 68.7c23.2 12.2 50.9-7.4 46.4-33.7l-25-145.5 105.7-103c19-18.5 8.5-50.8-17.7-54.6L382 150.2 316.7 17.8c-11.7-23.6-45.6-23.9-57.4 0z&quot;&gt;&lt;\/path&gt;&lt;\/svg&gt;\" ><\/div>\n\n\t\t\t\t\t\t<\/div>\n\t\t\t\t\t\t\t\t<div class=\"elementor-field-type-acceptance elementor-field-group elementor-column elementor-field-group-field_21130fe elementor-col-100 elementor-field-required\">\n\t\t\t\t\t\t\t\t\t\t\t\t<label for=\"form-field-field_21130fe\" class=\"elementor-field-label\">\n\t\t\t\t\t\t\t\t<p>   Cl\u00e1usulas 2.a 2.1.15 previstas no    <a href=\"https:\/\/projetobhpress.com.br\/descubra\/wp-content\/uploads\/2025\/10\/Descubra_Termo_de_Adesao_para_Municipios.pdf\" target=\"_blank\" rel=\"noopener noreferrer\" style=\"color: #EB5E24; font-weight: bold;\">     Termo de Ades\u00e3o para Munic\u00edpios   <\/a>. <\/p>\t\t\t\t\t\t\t<\/label>\n\t\t\t\t\t\t\t\t<div class=\"elementor-field-subgroup\">\n\t\t\t<span class=\"elementor-field-option\">\n\t\t\t\t<input type=\"checkbox\" name=\"form_fields[field_21130fe]\" id=\"form-field-field_21130fe\" class=\"elementor-field elementor-size-md  elementor-acceptance-field\" required=\"required\">\n\t\t\t\t<label for=\"form-field-field_21130fe\">Li e aceito todas as obriga\u00e7\u00f5es descritas nas cl\u00e1usula acima.<\/label>\t\t\t<\/span>\n\t\t<\/div>\n\t\t\t\t\t\t<\/div>\n\t\t\t\t\t\t\t\t<div class=\"elementor-field-type-step elementor-field-group elementor-column elementor-field-group-field_5a835c6 elementor-col-100\">\n\t\t\t\t\t\t\t<div class=\"e-field-step elementor-hidden\" data-label=\"Comprova\u00e7\u00f5es\/Anexos\" data-previousButton=\"Voltar\" data-nextButton=\"Pr\u00f3ximo\" data-iconUrl=\"\" data-iconLibrary=\"fas fa-star\" data-icon=\"&lt;svg class=&quot;e-font-icon-svg e-fas-star&quot; viewBox=&quot;0 0 576 512&quot; xmlns=&quot;http:\/\/www.w3.org\/2000\/svg&quot;&gt;&lt;path d=&quot;M259.3 17.8L194 150.2 47.9 171.5c-26.2 3.8-36.7 36.1-17.7 54.6l105.7 103-25 145.5c-4.5 26.3 23.2 46 46.4 33.7L288 439.6l130.7 68.7c23.2 12.2 50.9-7.4 46.4-33.7l-25-145.5 105.7-103c19-18.5 8.5-50.8-17.7-54.6L382 150.2 316.7 17.8c-11.7-23.6-45.6-23.9-57.4 0z&quot;&gt;&lt;\/path&gt;&lt;\/svg&gt;\" ><\/div>\n\n\t\t\t\t\t\t<\/div>\n\t\t\t\t\t\t\t\t<div class=\"elementor-field-type-upload elementor-field-group elementor-column elementor-field-group-field_07b140d elementor-col-100 elementor-field-required\">\n\t\t\t\t\t\t\t\t\t\t\t\t<label for=\"form-field-field_07b140d\" class=\"elementor-field-label\">\n\t\t\t\t\t\t\t\tInsira documento de representa\u00e7\u00e3o (procura\u00e7\u00e3o, portaria, etc.)\t\t\t\t\t\t\t<\/label>\n\t\t\t\t\t\t\t\t<input type=\"file\" name=\"form_fields[field_07b140d]\" id=\"form-field-field_07b140d\" class=\"elementor-field elementor-size-md  elementor-upload-field\" required=\"required\">\n\n\t\t\t\t\t\t<\/div>\n\t\t\t\t\t\t\t\t<div class=\"elementor-field-type-text elementor-field-group elementor-column elementor-field-group-field_406c59b elementor-col-100 elementor-field-required\">\n\t\t\t\t\t\t\t\t\t\t\t\t<label for=\"form-field-field_406c59b\" class=\"elementor-field-label\">\n\t\t\t\t\t\t\t\tInsira a indica\u00e7\u00e3o do gestor (nome)\t\t\t\t\t\t\t<\/label>\n\t\t\t\t\t\t\t\t\t\t\t\t\t\t<input size=\"1\" type=\"text\" name=\"form_fields[field_406c59b]\" id=\"form-field-field_406c59b\" class=\"elementor-field elementor-size-md  elementor-field-textual\" required=\"required\">\n\t\t\t\t\t\t\t\t\t\t\t<\/div>\n\t\t\t\t\t\t\t\t<div class=\"elementor-field-type-email elementor-field-group elementor-column elementor-field-group-field_a6c43bb elementor-col-100 elementor-field-required\">\n\t\t\t\t\t\t\t\t\t\t\t\t<label for=\"form-field-field_a6c43bb\" class=\"elementor-field-label\">\n\t\t\t\t\t\t\t\tE-mail do gestor\t\t\t\t\t\t\t<\/label>\n\t\t\t\t\t\t\t\t\t\t\t\t\t\t<input size=\"1\" type=\"email\" name=\"form_fields[field_a6c43bb]\" id=\"form-field-field_a6c43bb\" class=\"elementor-field elementor-size-md  elementor-field-textual\" required=\"required\">\n\t\t\t\t\t\t\t\t\t\t\t<\/div>\n\t\t\t\t\t\t\t\t<div class=\"elementor-field-type-text elementor-field-group elementor-column elementor-field-group-field_1bcef2e elementor-col-100 elementor-field-required\">\n\t\t\t\t\t\t\t\t\t\t\t\t<label for=\"form-field-field_1bcef2e\" class=\"elementor-field-label\">\n\t\t\t\t\t\t\t\tTelefone do gestor\t\t\t\t\t\t\t<\/label>\n\t\t\t\t\t\t\t\t\t\t\t\t\t\t<input size=\"1\" type=\"text\" name=\"form_fields[field_1bcef2e]\" id=\"form-field-field_1bcef2e\" class=\"elementor-field elementor-size-md  fme-mask-input mask_control_@ev-phone money_mask_format_@ mask_prefix_@ mask_decimal_places_@ mask_time_mask_format_@ fme_phone_format_@phone_ddd9 credit_card_options_@ mask_auto_placeholder_@ fme_brazilian_formats_@ elementor-field-textual\" required=\"required\" data-input_mask=\"ev-phone\">\n\t\t\t\t\t\t\t\t\t\t\t<\/div>\n\t\t\t\t\t\t\t\t<div class=\"elementor-field-type-step elementor-field-group elementor-column elementor-field-group-field_397b6d1 elementor-col-100\">\n\t\t\t\t\t\t\t<div class=\"e-field-step elementor-hidden\" data-label=\"Confirma\u00e7\u00e3o\" data-previousButton=\"Voltar\" data-nextButton=\"Enviar\" data-iconUrl=\"\" data-iconLibrary=\"fas fa-star\" data-icon=\"&lt;svg class=&quot;e-font-icon-svg e-fas-star&quot; viewBox=&quot;0 0 576 512&quot; xmlns=&quot;http:\/\/www.w3.org\/2000\/svg&quot;&gt;&lt;path d=&quot;M259.3 17.8L194 150.2 47.9 171.5c-26.2 3.8-36.7 36.1-17.7 54.6l105.7 103-25 145.5c-4.5 26.3 23.2 46 46.4 33.7L288 439.6l130.7 68.7c23.2 12.2 50.9-7.4 46.4-33.7l-25-145.5 105.7-103c19-18.5 8.5-50.8-17.7-54.6L382 150.2 316.7 17.8c-11.7-23.6-45.6-23.9-57.4 0z&quot;&gt;&lt;\/path&gt;&lt;\/svg&gt;\" ><\/div>\n\n\t\t\t\t\t\t<\/div>\n\t\t\t\t\t\t\t\t<div class=\"elementor-field-type-acceptance elementor-field-group elementor-column elementor-field-group-field_6b10ade elementor-col-100 elementor-field-required\">\n\t\t\t\t\t\t\t\t\t\t\t\t<label for=\"form-field-field_6b10ade\" class=\"elementor-field-label\">\n\t\t\t\t\t\t\t\tConfirma\u00e7\u00e3o do termo de ades\u00e3o como munic\u00edpio\t\t\t\t\t\t\t<\/label>\n\t\t\t\t\t\t\t\t<div class=\"elementor-field-subgroup\">\n\t\t\t<span class=\"elementor-field-option\">\n\t\t\t\t<input type=\"checkbox\" name=\"form_fields[field_6b10ade]\" id=\"form-field-field_6b10ade\" class=\"elementor-field elementor-size-md  elementor-acceptance-field\" required=\"required\">\n\t\t\t\t<label for=\"form-field-field_6b10ade\">O munic\u00edpio confirma e assume as obriga\u00e7\u00f5es deste formul\u00e1rio previstas no <a href=\"https:\/\/projetobhpress.com.br\/descubra\/wp-content\/uploads\/2025\/10\/Descubra_Termo_de_Adesao_para_Municipios.pdf\" target=\"_blank\" rel=\"noopener noreferrer\" style=\"color: #EB5E24; font-weight: bold;\">     Termo de Ades\u00e3o para Entidades   <\/a>. <\/p><\/label>\t\t\t<\/span>\n\t\t<\/div>\n\t\t\t\t\t\t<\/div>\n\t\t\t\t\t\t\t\t<div class=\"elementor-field-group elementor-column elementor-field-type-submit elementor-col-100 e-form__buttons\">\n\t\t\t\t\t<button class=\"elementor-button elementor-size-md\" type=\"submit\">\n\t\t\t\t\t\t<span class=\"elementor-button-content-wrapper\">\n\t\t\t\t\t\t\t\t\t\t\t\t\t\t\t\t\t\t\t\t\t\t<span class=\"elementor-button-text\">Enviar<\/span>\n\t\t\t\t\t\t\t\t\t\t\t\t\t<\/span>\n\t\t\t\t\t<\/button>\n\t\t\t\t<\/div>\n\t\t\t<\/div>\n\t\t<\/form>\n\t\t\t\t\t\t<\/div>\n\t\t\t\t<div class=\"elementor-element elementor-element-9d010f8 elementor-widget elementor-widget-heading\" data-id=\"9d010f8\" data-element_type=\"widget\" data-widget_type=\"heading.default\">\n\t\t\t\t\t<h2 class=\"elementor-heading-title elementor-size-default\">Termo de Ades\u00e3o<br> para Munic\u00edpios<\/h2>\t\t\t\t<\/div>\n\t\t\t\t<div class=\"elementor-element elementor-element-4b31d52 elementor-widget elementor-widget-text-editor\" data-id=\"4b31d52\" data-element_type=\"widget\" data-widget_type=\"text-editor.default\">\n\t\t\t\t\t\t\t\t\t<p><br \/>O formul\u00e1rio abaixo consiste no preenchimento otimizado do Termo de Ades\u00e3o para Munic\u00edpios, garantindo uma melhor comunica\u00e7\u00e3o entre o Programa Descubra e as partes interessadas.<br \/>Antes de efetuar seu preenchimento, leia atentamente o Termo de Ades\u00e3o para Munic\u00edpios com suas cl\u00e1usulas e obriga\u00e7\u00f5es dispon\u00edvel<br \/><a style=\"color: #eb5e24; font-weight: bold;\" href=\"https:\/\/projetobhpress.com.br\/descubra\/wp-content\/uploads\/2025\/10\/Descubra_Termo_de_Adesao_para_Municipios.pdf\" target=\"_blank\" rel=\"noopener noreferrer\">aqui<\/a>.<\/p>\t\t\t\t\t\t\t\t<\/div>\n\t\t\t\t<\/div>\n\t\t\t\t<\/div>\n\t\t\t\t<\/div>\n\t\t","protected":false},"excerpt":{"rendered":"<p>Termo de Ades\u00e3o para Munic\u00edpios O formul\u00e1rio abaixo consiste no preenchimento otimizado do Termo de Ades\u00e3o para Munic\u00edpios, garantindo uma melhor comunica\u00e7\u00e3o entre o Programa Descubra e as partes interessadas.Antes de efetuar seu preenchimento, leia atentamente o Termo de Ades\u00e3o para Munic\u00edpios com suas cl\u00e1usulas e obriga\u00e7\u00f5es dispon\u00edvelaqui.<\/p>\n","protected":false},"author":1,"featured_media":0,"parent":0,"menu_order":0,"comment_status":"closed","ping_status":"closed","template":"elementor_header_footer","meta":{"_acf_changed":false,"footnotes":""},"class_list":["post-1556","page","type-page","status-publish","hentry"],"acf":[],"yoast_head":"<!-- This site is optimized with the Yoast SEO plugin v25.7 - https:\/\/yoast.com\/wordpress\/plugins\/seo\/ -->\n<title>Termo de Ades\u00e3o para Munic\u00edpios - Programa Descubra<\/title>\n<meta name=\"robots\" content=\"index, follow, max-snippet:-1, max-image-preview:large, max-video-preview:-1\" \/>\n<link rel=\"canonical\" href=\"https:\/\/projetobhpress.com.br\/descubra\/termo-de-adesao-para-municipios\/\" \/>\n<meta property=\"og:locale\" content=\"pt_BR\" \/>\n<meta property=\"og:type\" content=\"article\" \/>\n<meta property=\"og:title\" content=\"Termo de Ades\u00e3o para Munic\u00edpios - Programa Descubra\" \/>\n<meta property=\"og:description\" content=\"Termo de Ades\u00e3o para Munic\u00edpios O formul\u00e1rio abaixo consiste no preenchimento otimizado do Termo de Ades\u00e3o para Munic\u00edpios, garantindo uma melhor comunica\u00e7\u00e3o entre o Programa Descubra e as partes interessadas.Antes de efetuar seu preenchimento, leia atentamente o Termo de Ades\u00e3o para Munic\u00edpios com suas cl\u00e1usulas e obriga\u00e7\u00f5es dispon\u00edvelaqui.\" \/>\n<meta property=\"og:url\" content=\"https:\/\/projetobhpress.com.br\/descubra\/termo-de-adesao-para-municipios\/\" \/>\n<meta property=\"og:site_name\" content=\"Programa Descubra\" \/>\n<meta property=\"article:modified_time\" content=\"2025-10-14T18:49:39+00:00\" \/>\n<meta name=\"twitter:card\" content=\"summary_large_image\" \/>\n<meta name=\"twitter:label1\" content=\"Est. tempo de leitura\" \/>\n\t<meta name=\"twitter:data1\" content=\"1 minuto\" \/>\n<script type=\"application\/ld+json\" class=\"yoast-schema-graph\">{\"@context\":\"https:\/\/schema.org\",\"@graph\":[{\"@type\":\"WebPage\",\"@id\":\"https:\/\/projetobhpress.com.br\/descubra\/termo-de-adesao-para-municipios\/\",\"url\":\"https:\/\/projetobhpress.com.br\/descubra\/termo-de-adesao-para-municipios\/\",\"name\":\"Termo de Ades\u00e3o para Munic\u00edpios - Programa Descubra\",\"isPartOf\":{\"@id\":\"https:\/\/projetobhpress.com.br\/descubra\/#website\"},\"datePublished\":\"2025-10-08T20:04:12+00:00\",\"dateModified\":\"2025-10-14T18:49:39+00:00\",\"breadcrumb\":{\"@id\":\"https:\/\/projetobhpress.com.br\/descubra\/termo-de-adesao-para-municipios\/#breadcrumb\"},\"inLanguage\":\"pt-BR\",\"potentialAction\":[{\"@type\":\"ReadAction\",\"target\":[\"https:\/\/projetobhpress.com.br\/descubra\/termo-de-adesao-para-municipios\/\"]}]},{\"@type\":\"BreadcrumbList\",\"@id\":\"https:\/\/projetobhpress.com.br\/descubra\/termo-de-adesao-para-municipios\/#breadcrumb\",\"itemListElement\":[{\"@type\":\"ListItem\",\"position\":1,\"name\":\"In\u00edcio\",\"item\":\"https:\/\/projetobhpress.com.br\/descubra\/\"},{\"@type\":\"ListItem\",\"position\":2,\"name\":\"Termo de Ades\u00e3o para Munic\u00edpios\"}]},{\"@type\":\"WebSite\",\"@id\":\"https:\/\/projetobhpress.com.br\/descubra\/#website\",\"url\":\"https:\/\/projetobhpress.com.br\/descubra\/\",\"name\":\"Programa Descubra\",\"description\":\"\",\"publisher\":{\"@id\":\"https:\/\/projetobhpress.com.br\/descubra\/#organization\"},\"potentialAction\":[{\"@type\":\"SearchAction\",\"target\":{\"@type\":\"EntryPoint\",\"urlTemplate\":\"https:\/\/projetobhpress.com.br\/descubra\/?s={search_term_string}\"},\"query-input\":{\"@type\":\"PropertyValueSpecification\",\"valueRequired\":true,\"valueName\":\"search_term_string\"}}],\"inLanguage\":\"pt-BR\"},{\"@type\":\"Organization\",\"@id\":\"https:\/\/projetobhpress.com.br\/descubra\/#organization\",\"name\":\"Minas pela Paz\",\"url\":\"https:\/\/projetobhpress.com.br\/descubra\/\",\"logo\":{\"@type\":\"ImageObject\",\"inLanguage\":\"pt-BR\",\"@id\":\"https:\/\/projetobhpress.com.br\/descubra\/#\/schema\/logo\/image\/\",\"url\":\"https:\/\/projetobhpress.com.br\/descubra\/wp-content\/uploads\/2025\/08\/LOGO_DESCUBRA-8.png\",\"contentUrl\":\"https:\/\/projetobhpress.com.br\/descubra\/wp-content\/uploads\/2025\/08\/LOGO_DESCUBRA-8.png\",\"width\":1973,\"height\":553,\"caption\":\"Minas pela Paz\"},\"image\":{\"@id\":\"https:\/\/projetobhpress.com.br\/descubra\/#\/schema\/logo\/image\/\"},\"sameAs\":[\"https:\/\/www.instagram.com\/programadescubra\/\",\"https:\/\/www.linkedin.com\/company\/programa-descubra\"]}]}<\/script>\n<!-- \/ Yoast SEO plugin. -->","yoast_head_json":{"title":"Termo de Ades\u00e3o para Munic\u00edpios - Programa Descubra","robots":{"index":"index","follow":"follow","max-snippet":"max-snippet:-1","max-image-preview":"max-image-preview:large","max-video-preview":"max-video-preview:-1"},"canonical":"https:\/\/projetobhpress.com.br\/descubra\/termo-de-adesao-para-municipios\/","og_locale":"pt_BR","og_type":"article","og_title":"Termo de Ades\u00e3o para Munic\u00edpios - Programa Descubra","og_description":"Termo de Ades\u00e3o para Munic\u00edpios O formul\u00e1rio abaixo consiste no preenchimento otimizado do Termo de Ades\u00e3o para Munic\u00edpios, garantindo uma melhor comunica\u00e7\u00e3o entre o Programa Descubra e as partes interessadas.Antes de efetuar seu preenchimento, leia atentamente o Termo de Ades\u00e3o para Munic\u00edpios com suas cl\u00e1usulas e obriga\u00e7\u00f5es dispon\u00edvelaqui.","og_url":"https:\/\/projetobhpress.com.br\/descubra\/termo-de-adesao-para-municipios\/","og_site_name":"Programa Descubra","article_modified_time":"2025-10-14T18:49:39+00:00","twitter_card":"summary_large_image","twitter_misc":{"Est. tempo de leitura":"1 minuto"},"schema":{"@context":"https:\/\/schema.org","@graph":[{"@type":"WebPage","@id":"https:\/\/projetobhpress.com.br\/descubra\/termo-de-adesao-para-municipios\/","url":"https:\/\/projetobhpress.com.br\/descubra\/termo-de-adesao-para-municipios\/","name":"Termo de Ades\u00e3o para Munic\u00edpios - Programa Descubra","isPartOf":{"@id":"https:\/\/projetobhpress.com.br\/descubra\/#website"},"datePublished":"2025-10-08T20:04:12+00:00","dateModified":"2025-10-14T18:49:39+00:00","breadcrumb":{"@id":"https:\/\/projetobhpress.com.br\/descubra\/termo-de-adesao-para-municipios\/#breadcrumb"},"inLanguage":"pt-BR","potentialAction":[{"@type":"ReadAction","target":["https:\/\/projetobhpress.com.br\/descubra\/termo-de-adesao-para-municipios\/"]}]},{"@type":"BreadcrumbList","@id":"https:\/\/projetobhpress.com.br\/descubra\/termo-de-adesao-para-municipios\/#breadcrumb","itemListElement":[{"@type":"ListItem","position":1,"name":"In\u00edcio","item":"https:\/\/projetobhpress.com.br\/descubra\/"},{"@type":"ListItem","position":2,"name":"Termo de Ades\u00e3o para Munic\u00edpios"}]},{"@type":"WebSite","@id":"https:\/\/projetobhpress.com.br\/descubra\/#website","url":"https:\/\/projetobhpress.com.br\/descubra\/","name":"Programa Descubra","description":"","publisher":{"@id":"https:\/\/projetobhpress.com.br\/descubra\/#organization"},"potentialAction":[{"@type":"SearchAction","target":{"@type":"EntryPoint","urlTemplate":"https:\/\/projetobhpress.com.br\/descubra\/?s={search_term_string}"},"query-input":{"@type":"PropertyValueSpecification","valueRequired":true,"valueName":"search_term_string"}}],"inLanguage":"pt-BR"},{"@type":"Organization","@id":"https:\/\/projetobhpress.com.br\/descubra\/#organization","name":"Minas pela Paz","url":"https:\/\/projetobhpress.com.br\/descubra\/","logo":{"@type":"ImageObject","inLanguage":"pt-BR","@id":"https:\/\/projetobhpress.com.br\/descubra\/#\/schema\/logo\/image\/","url":"https:\/\/projetobhpress.com.br\/descubra\/wp-content\/uploads\/2025\/08\/LOGO_DESCUBRA-8.png","contentUrl":"https:\/\/projetobhpress.com.br\/descubra\/wp-content\/uploads\/2025\/08\/LOGO_DESCUBRA-8.png","width":1973,"height":553,"caption":"Minas pela Paz"},"image":{"@id":"https:\/\/projetobhpress.com.br\/descubra\/#\/schema\/logo\/image\/"},"sameAs":["https:\/\/www.instagram.com\/programadescubra\/","https:\/\/www.linkedin.com\/company\/programa-descubra"]}]}},"_links":{"self":[{"href":"https:\/\/projetobhpress.com.br\/descubra\/wp-json\/wp\/v2\/pages\/1556","targetHints":{"allow":["GET"]}}],"collection":[{"href":"https:\/\/projetobhpress.com.br\/descubra\/wp-json\/wp\/v2\/pages"}],"about":[{"href":"https:\/\/projetobhpress.com.br\/descubra\/wp-json\/wp\/v2\/types\/page"}],"author":[{"embeddable":true,"href":"https:\/\/projetobhpress.com.br\/descubra\/wp-json\/wp\/v2\/users\/1"}],"replies":[{"embeddable":true,"href":"https:\/\/projetobhpress.com.br\/descubra\/wp-json\/wp\/v2\/comments?post=1556"}],"version-history":[{"count":0,"href":"https:\/\/projetobhpress.com.br\/descubra\/wp-json\/wp\/v2\/pages\/1556\/revisions"}],"wp:attachment":[{"href":"https:\/\/projetobhpress.com.br\/descubra\/wp-json\/wp\/v2\/media?parent=1556"}],"curies":[{"name":"wp","href":"https:\/\/api.w.org\/{rel}","templated":true}]}}